{"id":141,"date":"2025-05-06T10:32:35","date_gmt":"2025-05-06T10:32:35","guid":{"rendered":"https:\/\/aerosport.fr\/?post_type=product&#038;p=141"},"modified":"2025-05-06T17:26:30","modified_gmt":"2025-05-06T17:26:30","slug":"t-shirt","status":"publish","type":"product","link":"https:\/\/aerosport.fr\/?product=t-shirt","title":{"rendered":"T Shirt"},"content":{"rendered":"","protected":false},"excerpt":{"rendered":"<div class=\"woocommerce-product-details__short-description\">\n<div>\n<div>Caract\u00e9ristiques:<\/div>\n<div>\n<div id=\"m_3563263835803882055gmail-c_colbox_seodescription\">\n<div id=\"m_3563263835803882055gmail-colbox_seodescription\" aria-expanded=\"true\">\n<p>220 g\/m\u00b2100% coton<br \/>\nV\u00e9ritable style non genr\u00e9 avec coutures lat\u00e9rales durable de 220 g\/m\u00b2 avec une sensation de qualit\u00e9 sup\u00e9rieure, c\u00f4tel\u00e9 pro\u00e9minent pour un look authentique.<\/p>\n<p>Marquage:<br \/>\nDTF c\u0153ur<\/p>\n<\/div>\n<\/div>\n<\/div>\n<\/div>\n<\/div>\n","protected":false},"featured_media":129,"template":"","meta":{"_kadence_starter_templates_imported_post":false,"_kad_post_transparent":"default","_kad_post_title":"","_kad_post_layout":"default","_kad_post_sidebar_id":"","_kad_post_content_style":"default","_kad_post_vertical_padding":"default","_kad_post_feature":"","_kad_post_feature_position":"","_kad_post_header":false,"_kad_post_footer":false},"product_brand":[],"product_cat":[27],"product_tag":[],"class_list":{"0":"post-141","1":"product","2":"type-product","3":"status-publish","4":"has-post-thumbnail","6":"product_cat-goodies","8":"first","9":"instock","10":"taxable","11":"shipping-taxable","12":"purchasable","13":"product-type-variable","14":"entry","15":"content-bg","16":"loop-entry"},"_links":{"self":[{"href":"https:\/\/aerosport.fr\/index.php?rest_route=\/wp\/v2\/product\/141","targetHints":{"allow":["GET"]}}],"collection":[{"href":"https:\/\/aerosport.fr\/index.php?rest_route=\/wp\/v2\/product"}],"about":[{"href":"https:\/\/aerosport.fr\/index.php?rest_route=\/wp\/v2\/types\/product"}],"wp:featuredmedia":[{"embeddable":true,"href":"https:\/\/aerosport.fr\/index.php?rest_route=\/wp\/v2\/media\/129"}],"wp:attachment":[{"href":"https:\/\/aerosport.fr\/index.php?rest_route=%2Fwp%2Fv2%2Fmedia&parent=141"}],"wp:term":[{"taxonomy":"product_brand","embeddable":true,"href":"https:\/\/aerosport.fr\/index.php?rest_route=%2Fwp%2Fv2%2Fproduct_brand&post=141"},{"taxonomy":"product_cat","embeddable":true,"href":"https:\/\/aerosport.fr\/index.php?rest_route=%2Fwp%2Fv2%2Fproduct_cat&post=141"},{"taxonomy":"product_tag","embeddable":true,"href":"https:\/\/aerosport.fr\/index.php?rest_route=%2Fwp%2Fv2%2Fproduct_tag&post=141"}],"curies":[{"name":"wp","href":"https:\/\/api.w.org\/{rel}","templated":true}]}}