{"id":150,"date":"2025-05-06T12:26:56","date_gmt":"2025-05-06T12:26:56","guid":{"rendered":"https:\/\/aerosport.fr\/?post_type=product&#038;p=150"},"modified":"2025-05-06T17:25:45","modified_gmt":"2025-05-06T17:25:45","slug":"veste-de-pilote","status":"publish","type":"product","link":"https:\/\/aerosport.fr\/?product=veste-de-pilote","title":{"rendered":"Veste Pilote"},"content":{"rendered":"","protected":false},"excerpt":{"rendered":"<div class=\"woocommerce-product-details__short-description\">\n<div>\n<div>Caract\u00e9ristiques:<\/div>\n<div>\n<div id=\"m_3563263835803882055gmail-c_colbox_seodescription\">\n<div id=\"m_3563263835803882055gmail-colbox_seodescription\" aria-expanded=\"true\">\n<p>Veste Pilote 140 g\/m\u00b2, Col, taille et poignets en bord-c\u00f4te. Multiples poches dont une poche int\u00e9rieure s\u00e9curis\u00e9e. Poche sur la manche.<\/p>\n<p>Marquage:<br \/>\nAvec \u00e9cusson brod\u00e9<\/p>\n<\/div>\n<\/div>\n<\/div>\n<\/div>\n<\/div>\n","protected":false},"featured_media":152,"template":"","meta":{"_kadence_starter_templates_imported_post":false,"_kad_post_transparent":"default","_kad_post_title":"","_kad_post_layout":"default","_kad_post_sidebar_id":"","_kad_post_content_style":"default","_kad_post_vertical_padding":"default","_kad_post_feature":"","_kad_post_feature_position":"","_kad_post_header":false,"_kad_post_footer":false},"product_brand":[],"product_cat":[27],"product_tag":[],"class_list":{"0":"post-150","1":"product","2":"type-product","3":"status-publish","4":"has-post-thumbnail","6":"product_cat-goodies","8":"first","9":"instock","10":"taxable","11":"shipping-taxable","12":"purchasable","13":"product-type-variable","14":"entry","15":"content-bg","16":"loop-entry"},"_links":{"self":[{"href":"https:\/\/aerosport.fr\/index.php?rest_route=\/wp\/v2\/product\/150","targetHints":{"allow":["GET"]}}],"collection":[{"href":"https:\/\/aerosport.fr\/index.php?rest_route=\/wp\/v2\/product"}],"about":[{"href":"https:\/\/aerosport.fr\/index.php?rest_route=\/wp\/v2\/types\/product"}],"wp:featuredmedia":[{"embeddable":true,"href":"https:\/\/aerosport.fr\/index.php?rest_route=\/wp\/v2\/media\/152"}],"wp:attachment":[{"href":"https:\/\/aerosport.fr\/index.php?rest_route=%2Fwp%2Fv2%2Fmedia&parent=150"}],"wp:term":[{"taxonomy":"product_brand","embeddable":true,"href":"https:\/\/aerosport.fr\/index.php?rest_route=%2Fwp%2Fv2%2Fproduct_brand&post=150"},{"taxonomy":"product_cat","embeddable":true,"href":"https:\/\/aerosport.fr\/index.php?rest_route=%2Fwp%2Fv2%2Fproduct_cat&post=150"},{"taxonomy":"product_tag","embeddable":true,"href":"https:\/\/aerosport.fr\/index.php?rest_route=%2Fwp%2Fv2%2Fproduct_tag&post=150"}],"curies":[{"name":"wp","href":"https:\/\/api.w.org\/{rel}","templated":true}]}}