{"id":164,"date":"2025-05-06T13:44:29","date_gmt":"2025-05-06T13:44:29","guid":{"rendered":"https:\/\/aerosport.fr\/?post_type=product&#038;p=164"},"modified":"2025-05-06T17:25:12","modified_gmt":"2025-05-06T17:25:12","slug":"sac-waterproof-jaune","status":"publish","type":"product","link":"https:\/\/aerosport.fr\/?product=sac-waterproof-jaune","title":{"rendered":"Sac WaterProof \u00ab\u00a0Jaune\u00a0\u00bb"},"content":{"rendered":"","protected":false},"excerpt":{"rendered":"<div id=\"m_8387633331578405448gmail-c_colbox_seodescription\">\n<div id=\"m_8387633331578405448gmail-colbox_seodescription\" aria-expanded=\"true\">\n<ul>\n<li>100% polyester, PVC<\/li>\n<li>bandouli\u00e8res ajustables avec fermeture auto-agrippante qui permettent de transformer le sac en sac-\u00e0-dos.<\/li>\n<li>grande fermeture \u00e0 glissi\u00e8re sur le compartiment principal<\/li>\n<li>poche int\u00e9rieure en maille avec fermeture \u00e0 glissi\u00e8re<\/li>\n<li>poche pour carte d identit\u00e9<\/li>\n<li>poign\u00e9es suppl\u00e9mentaires sur les c\u00f4t\u00e9s<\/li>\n<li>sangles de compression ajustables<\/li>\n<li>capacit\u00e9: 110 litres<\/li>\n<li>Ce produit b\u00e9n\u00e9ficie d&rsquo;une garantie de 5 ans.<\/li>\n<\/ul>\n<\/div>\n<\/div>\n","protected":false},"featured_media":165,"template":"","meta":{"_kadence_starter_templates_imported_post":false,"_kad_post_transparent":"default","_kad_post_title":"","_kad_post_layout":"default","_kad_post_sidebar_id":"","_kad_post_content_style":"default","_kad_post_vertical_padding":"default","_kad_post_feature":"","_kad_post_feature_position":"","_kad_post_header":false,"_kad_post_footer":false},"product_brand":[],"product_cat":[27],"product_tag":[],"class_list":{"0":"post-164","1":"product","2":"type-product","3":"status-publish","4":"has-post-thumbnail","6":"product_cat-goodies","8":"first","9":"instock","10":"taxable","11":"shipping-taxable","12":"purchasable","13":"product-type-simple","14":"entry","15":"content-bg","16":"loop-entry"},"_links":{"self":[{"href":"https:\/\/aerosport.fr\/index.php?rest_route=\/wp\/v2\/product\/164","targetHints":{"allow":["GET"]}}],"collection":[{"href":"https:\/\/aerosport.fr\/index.php?rest_route=\/wp\/v2\/product"}],"about":[{"href":"https:\/\/aerosport.fr\/index.php?rest_route=\/wp\/v2\/types\/product"}],"wp:featuredmedia":[{"embeddable":true,"href":"https:\/\/aerosport.fr\/index.php?rest_route=\/wp\/v2\/media\/165"}],"wp:attachment":[{"href":"https:\/\/aerosport.fr\/index.php?rest_route=%2Fwp%2Fv2%2Fmedia&parent=164"}],"wp:term":[{"taxonomy":"product_brand","embeddable":true,"href":"https:\/\/aerosport.fr\/index.php?rest_route=%2Fwp%2Fv2%2Fproduct_brand&post=164"},{"taxonomy":"product_cat","embeddable":true,"href":"https:\/\/aerosport.fr\/index.php?rest_route=%2Fwp%2Fv2%2Fproduct_cat&post=164"},{"taxonomy":"product_tag","embeddable":true,"href":"https:\/\/aerosport.fr\/index.php?rest_route=%2Fwp%2Fv2%2Fproduct_tag&post=164"}],"curies":[{"name":"wp","href":"https:\/\/api.w.org\/{rel}","templated":true}]}}