{"id":167,"date":"2025-05-06T13:46:37","date_gmt":"2025-05-06T13:46:37","guid":{"rendered":"https:\/\/aerosport.fr\/?post_type=product&#038;p=167"},"modified":"2025-05-07T18:56:48","modified_gmt":"2025-05-07T18:56:48","slug":"batterie-auxiliere","status":"publish","type":"product","link":"https:\/\/aerosport.fr\/?product=batterie-auxiliere","title":{"rendered":"Batterie Auxiliaire"},"content":{"rendered":"","protected":false},"excerpt":{"rendered":"<p>Batterie auxiliaire externe avec haute capacit\u00e9 de charge &#8211; 10 000 mAh &#8211; fabriqu\u00e9e en aluminium recycl\u00e9 avec une finition chrom\u00e9e. Avec 2 sorties USB et deux sorties Type-C pour charger trois appareils simultan\u00e9ment, et 1 connexion pour entr\u00e9e Type-C &#8211; c\u00e2ble inclus. Comprend un affichage de l&rsquo;\u00e9tat de charge.<\/p>\n<p>L&rsquo;aluminium recycl\u00e9 est un mat\u00e9riau aux possibilit\u00e9s de recyclage presque infinies, sans perdre ses propri\u00e9t\u00e9s originales et en consommant moins d&rsquo;\u00e9nergie dans le processus.<\/p>\n<p>Certification GRS (Global Recycled Standard), garantissant l&rsquo;origine recycl\u00e9e du mat\u00e9riau utilis\u00e9 pour fabriquer le produit.<\/p>\n<p>Les capacit\u00e9s indiqu\u00e9es pour toutes nos batteries auxiliaires externes sont r\u00e9elles, toutes incorporant des batteries de grade A non recycl\u00e9es, avec une dur\u00e9e de vie d&rsquo;au moins 500 cycles de charge et conformes aux r\u00e9glementations CE.<\/p>\n","protected":false},"featured_media":168,"template":"","meta":{"_kadence_starter_templates_imported_post":false,"_kad_post_transparent":"default","_kad_post_title":"","_kad_post_layout":"default","_kad_post_sidebar_id":"","_kad_post_content_style":"default","_kad_post_vertical_padding":"default","_kad_post_feature":"","_kad_post_feature_position":"","_kad_post_header":false,"_kad_post_footer":false},"product_brand":[],"product_cat":[27],"product_tag":[],"class_list":{"0":"post-167","1":"product","2":"type-product","3":"status-publish","4":"has-post-thumbnail","6":"product_cat-goodies","8":"first","9":"instock","10":"taxable","11":"shipping-taxable","12":"purchasable","13":"product-type-simple","14":"entry","15":"content-bg","16":"loop-entry"},"_links":{"self":[{"href":"https:\/\/aerosport.fr\/index.php?rest_route=\/wp\/v2\/product\/167","targetHints":{"allow":["GET"]}}],"collection":[{"href":"https:\/\/aerosport.fr\/index.php?rest_route=\/wp\/v2\/product"}],"about":[{"href":"https:\/\/aerosport.fr\/index.php?rest_route=\/wp\/v2\/types\/product"}],"wp:featuredmedia":[{"embeddable":true,"href":"https:\/\/aerosport.fr\/index.php?rest_route=\/wp\/v2\/media\/168"}],"wp:attachment":[{"href":"https:\/\/aerosport.fr\/index.php?rest_route=%2Fwp%2Fv2%2Fmedia&parent=167"}],"wp:term":[{"taxonomy":"product_brand","embeddable":true,"href":"https:\/\/aerosport.fr\/index.php?rest_route=%2Fwp%2Fv2%2Fproduct_brand&post=167"},{"taxonomy":"product_cat","embeddable":true,"href":"https:\/\/aerosport.fr\/index.php?rest_route=%2Fwp%2Fv2%2Fproduct_cat&post=167"},{"taxonomy":"product_tag","embeddable":true,"href":"https:\/\/aerosport.fr\/index.php?rest_route=%2Fwp%2Fv2%2Fproduct_tag&post=167"}],"curies":[{"name":"wp","href":"https:\/\/api.w.org\/{rel}","templated":true}]}}